{"id":112,"date":"2016-02-15T20:22:25","date_gmt":"2016-02-15T19:22:25","guid":{"rendered":"http:\/\/projekty-sklepow.pl\/?page_id=112"},"modified":"2023-08-18T11:46:45","modified_gmt":"2023-08-18T09:46:45","slug":"wyposazenie-sklepow-spozywczych","status":"publish","type":"page","link":"https:\/\/projekty-sklepow.pl\/en\/wyposazenie-sklepow-spozywczych\/","title":{"rendered":"Shops Equipment"},"content":{"rendered":"<div id=\"metaslider-id-211\" style=\"max-width: 972px;\" class=\"ml-slider-3-33-0 metaslider metaslider-flex metaslider-211 ml-slider ms-theme-cubic has-dots-nav\" role=\"region\" aria-roledescription=\"Slideshow\" aria-label=\"Slideshow\">\n    <div id=\"metaslider_container_211\">\n        <div id=\"metaslider_211\" class=\"flexslider\">\n            <ul aria-live=\"polite\" class=\"slides\">\n                <li style=\"display: block; width: 100%;\" class=\"slide-1941 ms-image\" aria-roledescription=\"slide\" aria-label=\"slide-1941\"><img src=\"https:\/\/projekty-sklepow.pl\/wp-content\/uploads\/2020\/05\/prospekt21a-972x450.jpg\" height=\"450\" width=\"972\" alt=\"\" class=\"slider-211 slide-1941\" title=\"prospekt21a\" \/><\/li>\n                <li style=\"display: none; width: 100%;\" class=\"slide-1943 ms-image\" aria-roledescription=\"slide\" aria-label=\"slide-1943\"><img src=\"https:\/\/projekty-sklepow.pl\/wp-content\/uploads\/2020\/05\/zieleniak3a-972x450.jpg\" height=\"450\" width=\"972\" alt=\"\" class=\"slider-211 slide-1943\" title=\"zieleniak3a\" \/><\/li>\n                <li style=\"display: none; width: 100%;\" class=\"slide-1944 ms-image\" aria-roledescription=\"slide\" aria-label=\"slide-1944\"><img src=\"https:\/\/projekty-sklepow.pl\/wp-content\/uploads\/2019\/09\/221A9958-972x450.jpg\" height=\"450\" width=\"972\" alt=\"projekty-sklepow.pl - Projektowanie wn\u0119trz sklep\u00f3w\" class=\"slider-211 slide-1944\" title=\"Projekt delikates\u00f3w spo\u017cywczych\" \/><\/li>\n                <li style=\"display: none; width: 100%;\" class=\"slide-1945 ms-image\" aria-roledescription=\"slide\" aria-label=\"slide-1945\"><img src=\"https:\/\/projekty-sklepow.pl\/wp-content\/uploads\/2018\/12\/Projekt-piekarni-i-bistro-04-972x450.jpg\" height=\"450\" width=\"972\" alt=\"projekty-sklepow.pl - Projektowanie wn\u0119trz sklep\u00f3w\" class=\"slider-211 slide-1945\" title=\"Projekt piekarni i bistro\" \/><\/li>\n                <li style=\"display: none; width: 100%;\" class=\"slide-1946 ms-image\" aria-roledescription=\"slide\" aria-label=\"slide-1946\"><img src=\"https:\/\/projekty-sklepow.pl\/wp-content\/uploads\/2018\/06\/IMG_5219-972x450.jpg\" height=\"450\" width=\"972\" alt=\"\" class=\"slider-211 slide-1946\" title=\"Projekt delikates\u00f3w spo\u017cywczych\" \/><\/li>\n                <li style=\"display: none; width: 100%;\" class=\"slide-1955 ms-image\" aria-roledescription=\"slide\" aria-label=\"slide-1955\"><img src=\"https:\/\/projekty-sklepow.pl\/wp-content\/uploads\/2020\/05\/rumunskie13-972x450.jpg\" height=\"450\" width=\"972\" alt=\"\" class=\"slider-211 slide-1955\" title=\"rumunskie13\" \/><\/li>\n                <li style=\"display: none; width: 100%;\" class=\"slide-1957 ms-image\" aria-roledescription=\"slide\" aria-label=\"slide-1957\"><img src=\"https:\/\/projekty-sklepow.pl\/wp-content\/uploads\/2016\/06\/135957_559440057415833_1877867558_o-972x450.jpg\" height=\"450\" width=\"972\" alt=\"\" class=\"slider-211 slide-1957\" title=\"135957_559440057415833_1877867558_o\" \/><\/li>\n                <li style=\"display: none; width: 100%;\" class=\"slide-1958 ms-image\" aria-roledescription=\"slide\" aria-label=\"slide-1958\"><img src=\"https:\/\/projekty-sklepow.pl\/wp-content\/uploads\/2018\/06\/IMG_5227-972x450.jpg\" height=\"450\" width=\"972\" alt=\"\" class=\"slider-211 slide-1958\" title=\"Projekt delikates\u00f3w spo\u017cywczych\" \/><\/li>\n                <li style=\"display: none; width: 100%;\" class=\"slide-1959 ms-image\" aria-roledescription=\"slide\" aria-label=\"slide-1959\"><img src=\"https:\/\/projekty-sklepow.pl\/wp-content\/uploads\/2016\/06\/487696_631908550168983_1669285704_n-960x444.jpg\" height=\"450\" width=\"972\" alt=\"\" class=\"slider-211 slide-1959\" title=\"487696_631908550168983_1669285704_n\" \/><\/li>\n            <\/ul>\n        <\/div>\n        \n    <\/div>\n<\/div>\n<p>Z najwi\u0119ksz\u0105 staranno\u015bci\u0105 i precyzj\u0105 stworzymy optymalny projekt <strong>wyposa\u017cenia sklep\u00f3w spo\u017cywczych<\/strong>. Nasze d\u0142ugoletnie do\u015bwiadczenie pozwoli\u0142o nam pozna\u0107 specyfik\u0119 uk\u0142adu mebli nawet w niewielkich pomieszczeniach. Efektownie zagospodarujemy ka\u017cdy k\u0105t prowadz\u0105c do najkorzystniejszego wykorzystania przestrzeni. W naszej ofercie mamy tak\u017ce <strong>u\u017cywane meble sklepowe <\/strong>co pozwala obni\u017cenie koszt\u00f3w ca\u0142ej inwestycji.<\/p>\n<p>Kompleksowo\u015b\u0107 naszych us\u0142ug pozwala nam zaproponowa\u0107 klientom <strong>kompletne wyposa\u017cenie sklep\u00f3w spo\u017cywczych<\/strong> znacznie usprawniaj\u0105cych prac\u0119 i umo\u017cliwiaj\u0105cych atrakcyjn\u0105 ekspozycj\u0119 towar\u00f3w. Wykonujemy spersonalizowane projekty i tworzymy wszystkie meble na wymiar.<\/p>\n<p>W ramach <strong>kompleksowego wyposa\u017cenia sklep\u00f3w spo\u017cywczych<\/strong> proponujemy <strong>nowe<\/strong> lub<strong> u\u017cywane meble sklepowe<\/strong>:<\/p>\n<p>1. Rega\u0142y metalowe, charakteryzuj\u0105ce si\u0119 du\u017c\u0105 wytrzyma\u0142o\u015bci\u0105 oraz no\u015bno\u015bci\u0105. W ofercie posiadamy nowe i <strong>u\u017cywane rega\u0142y metalowe<\/strong>:<\/p>\n<ul>\n<li>rega\u0142y przy\u015bcienne dostosowane wymiarowo do konkretnego pomieszczenia<\/li>\n<li>funkcjonalne rega\u0142y dwustronne, tzw. gondole, pozwalaj\u0105ce efektywnie wykorzysta\u0107 przestrze\u0144 na \u015brodku sklepu<\/li>\n<li><strong>u\u017cywane rega\u0142y<\/strong> metalowe i gondole w niskich cenach<\/li>\n<\/ul>\n<p>2. Rega\u0142y bran\u017cowe, doskonale eksponuj\u0105ce okre\u015blony rodzaj produkt\u00f3w, np.:<\/p>\n<ul>\n<li>rega\u0142y alkoholowe i papierosowe<\/li>\n<li>rega\u0142y piekarnicze, ze specjalnie przystosowanymi do tego celu p\u00f3\u0142kami<\/li>\n<li>rega\u0142y cukiernicze wspaniale prezentuj\u0105ce wszystkie s\u0142odko\u015bci<\/li>\n<li>rega\u0142y warzywnicze oraz lubiane przez klient\u00f3w wyspy warzywnicze, gwarantuj\u0105ce pe\u0142en dost\u0119p do towaru<\/li>\n<li>rega\u0142y prasowe sprawdzaj\u0105ce si\u0119 w ka\u017cdym sklepie<\/li>\n<\/ul>\n<p>3. Funkcjonalne i wygodne lady oraz boksy:<\/p>\n<ul>\n<li>lady obs\u0142ugowe, idealnie komponuj\u0105ce si\u0119 w ka\u017cdej przestrzeni handlowej<\/li>\n<li>lady impulsowe, mieszcz\u0105ce wszystkie tzw. produkty impulsowe, czyli kupowane przez klient\u00f3w pod wp\u0142ywem chwili<\/li>\n<li>boksy kasowe, u\u017cywane w sklepach samoobs\u0142ugowych, gdzie mo\u017cna stworzy\u0107 sprzedawcy komfortowy k\u0105t do kasowania wybranych przez klienta produkt\u00f3w<\/li>\n<li>lady z bistro (hot-dog)<\/li>\n<\/ul>\n<p>4. Wyspy handlowe idealnie sprawdzaj\u0105ce si\u0119 na otwartych przestrzeniach, np. w galeriach handlowych<\/p>\n<p>5. Urz\u0105dzenia ch\u0142odnicze (nowe i u\u017cywane) do przechowywania nabia\u0142u, mi\u0119sa, wyrob\u00f3w cukierniczych itp., w tym:<\/p>\n<ul>\n<li>lady ch\u0142odnicze<\/li>\n<li>witryny i lady cukiernicze<\/li>\n<li>rega\u0142y ch\u0142odnicze<\/li>\n<li>bonety mro\u017anicze, pozwalaj\u0105ce utrzyma\u0107 w odpowiedniej temperaturze nawet produkty g\u0142\u0119boko mro\u017cone<\/li>\n<\/ul>\n<p>6. Rega\u0142y magazynowe, umo\u017cliwiaj\u0105ce utrzymanie porz\u0105dku oraz u\u0142atwiaj\u0105ce prac\u0119 w przestrzeni magazynowej<\/p>\n<p>7. Akcesoria sklepowe: m.in. wagi, krajalnice, koszyki, w\u00f3zki, u\u0142atwiaj\u0105ce organizacj\u0119 pracy i daj\u0105ce klientowi komfort zakup\u00f3w.<\/p>\n<p>Wsp\u00f3\u0142praca z najlepszymi na rynku wykonawcami daje naszym klientom gwarancj\u0119, \u017ce <strong>wyposa\u017cenie sklep\u00f3w spo\u017cywczych<\/strong> prawid\u0142owo spe\u0142ni swoj\u0105 funkcj\u0119. Zawsze bierzemy pod uwag\u0119 indywidualne preferencje odbiorc\u00f3w oraz specyfik\u0119 prowadzonej dzia\u0142alno\u015bci. Dok\u0142adamy wszelkich stara\u0144, aby klienci sklep\u00f3w spo\u017cywczych, kt\u00f3rych projekty tworzymy, bez problemu poruszali si\u0119 w przestrzeni towarowej oraz komfortowo znale\u017ali wszystkie niezb\u0119dne produkty.<\/p>\n<p>Serdecznie zapraszamy do zapoznania si\u0119 z <strong>nasz\u0105 ofert\u0105 wyposa\u017cenia sklep\u00f3w spo\u017cywczych<\/strong>. Bogaty asortyment pozwoli skompletowa\u0107 zestaw mebli i akcesori\u00f3w, kt\u00f3re idealnie wkomponuj\u0105 si\u0119 w ka\u017cd\u0105 przestrze\u0144 handlow\u0105. Nasi klienci mog\u0105 liczy\u0107 na wysok\u0105 jako\u015b\u0107 w atrakcyjnej cenie.<\/p>\n<div id=\"metaslider-id-211\" style=\"max-width: 972px;\" class=\"ml-slider-3-33-0 metaslider metaslider-flex metaslider-211 ml-slider ms-theme-cubic has-dots-nav\" role=\"region\" aria-roledescription=\"Slideshow\" aria-label=\"Slideshow\">\n    <div id=\"metaslider_container_211\">\n        <div id=\"metaslider_211\" class=\"flexslider\">\n            <ul aria-live=\"polite\" class=\"slides\">\n                <li style=\"display: block; width: 100%;\" class=\"slide-1941 ms-image\" aria-roledescription=\"slide\" aria-label=\"slide-1941\"><img src=\"https:\/\/projekty-sklepow.pl\/wp-content\/uploads\/2020\/05\/prospekt21a-972x450.jpg\" height=\"450\" width=\"972\" alt=\"\" class=\"slider-211 slide-1941\" title=\"prospekt21a\" \/><\/li>\n                <li style=\"display: none; width: 100%;\" class=\"slide-1943 ms-image\" aria-roledescription=\"slide\" aria-label=\"slide-1943\"><img src=\"https:\/\/projekty-sklepow.pl\/wp-content\/uploads\/2020\/05\/zieleniak3a-972x450.jpg\" height=\"450\" width=\"972\" alt=\"\" class=\"slider-211 slide-1943\" title=\"zieleniak3a\" \/><\/li>\n                <li style=\"display: none; width: 100%;\" class=\"slide-1944 ms-image\" aria-roledescription=\"slide\" aria-label=\"slide-1944\"><img src=\"https:\/\/projekty-sklepow.pl\/wp-content\/uploads\/2019\/09\/221A9958-972x450.jpg\" height=\"450\" width=\"972\" alt=\"projekty-sklepow.pl - Projektowanie wn\u0119trz sklep\u00f3w\" class=\"slider-211 slide-1944\" title=\"Projekt delikates\u00f3w spo\u017cywczych\" \/><\/li>\n                <li style=\"display: none; width: 100%;\" class=\"slide-1945 ms-image\" aria-roledescription=\"slide\" aria-label=\"slide-1945\"><img src=\"https:\/\/projekty-sklepow.pl\/wp-content\/uploads\/2018\/12\/Projekt-piekarni-i-bistro-04-972x450.jpg\" height=\"450\" width=\"972\" alt=\"projekty-sklepow.pl - Projektowanie wn\u0119trz sklep\u00f3w\" class=\"slider-211 slide-1945\" title=\"Projekt piekarni i bistro\" \/><\/li>\n                <li style=\"display: none; width: 100%;\" class=\"slide-1946 ms-image\" aria-roledescription=\"slide\" aria-label=\"slide-1946\"><img src=\"https:\/\/projekty-sklepow.pl\/wp-content\/uploads\/2018\/06\/IMG_5219-972x450.jpg\" height=\"450\" width=\"972\" alt=\"\" class=\"slider-211 slide-1946\" title=\"Projekt delikates\u00f3w spo\u017cywczych\" \/><\/li>\n                <li style=\"display: none; width: 100%;\" class=\"slide-1955 ms-image\" aria-roledescription=\"slide\" aria-label=\"slide-1955\"><img src=\"https:\/\/projekty-sklepow.pl\/wp-content\/uploads\/2020\/05\/rumunskie13-972x450.jpg\" height=\"450\" width=\"972\" alt=\"\" class=\"slider-211 slide-1955\" title=\"rumunskie13\" \/><\/li>\n                <li style=\"display: none; width: 100%;\" class=\"slide-1957 ms-image\" aria-roledescription=\"slide\" aria-label=\"slide-1957\"><img src=\"https:\/\/projekty-sklepow.pl\/wp-content\/uploads\/2016\/06\/135957_559440057415833_1877867558_o-972x450.jpg\" height=\"450\" width=\"972\" alt=\"\" class=\"slider-211 slide-1957\" title=\"135957_559440057415833_1877867558_o\" \/><\/li>\n                <li style=\"display: none; width: 100%;\" class=\"slide-1958 ms-image\" aria-roledescription=\"slide\" aria-label=\"slide-1958\"><img src=\"https:\/\/projekty-sklepow.pl\/wp-content\/uploads\/2018\/06\/IMG_5227-972x450.jpg\" height=\"450\" width=\"972\" alt=\"\" class=\"slider-211 slide-1958\" title=\"Projekt delikates\u00f3w spo\u017cywczych\" \/><\/li>\n                <li style=\"display: none; width: 100%;\" class=\"slide-1959 ms-image\" aria-roledescription=\"slide\" aria-label=\"slide-1959\"><img src=\"https:\/\/projekty-sklepow.pl\/wp-content\/uploads\/2016\/06\/487696_631908550168983_1669285704_n-960x444.jpg\" height=\"450\" width=\"972\" alt=\"\" class=\"slider-211 slide-1959\" title=\"487696_631908550168983_1669285704_n\" \/><\/li>\n            <\/ul>\n        <\/div>\n        \n    <\/div>\n<\/div>\n<p>We create an optimum <strong>design of groceries<\/strong> furnishing with greatest precision and thoroughness. Our long-time experience allowed us to get to know the character of furniture layout even within small areas. We develop each corner so that the space is used expediently and in the most&nbsp;favourable&nbsp;way.<span data-ccp-props=\"{&quot;134233117&quot;:true,&quot;134233118&quot;:true,&quot;134233279&quot;:true,&quot;201341983&quot;:0,&quot;335551550&quot;:6,&quot;335551620&quot;:6,&quot;335559739&quot;:200,&quot;335559740&quot;:360}\">&nbsp;<\/span><\/p>\n<p>Comprehensiveness of our services allows to offer our customers <strong>full furnishing of groceries<\/strong> which will considerably improve the management and the exposition of the products. We offer a custom design and create all kinds of fitted furniture.<span data-ccp-props=\"{&quot;134233117&quot;:true,&quot;134233118&quot;:true,&quot;134233279&quot;:true,&quot;201341983&quot;:0,&quot;335551550&quot;:6,&quot;335551620&quot;:6,&quot;335559739&quot;:200,&quot;335559740&quot;:360}\">&nbsp;<\/span><\/p>\n<p>Our cooperation with the best contractors in the market guarantees satisfaction for our customers that their furnishing will serve its purpose properly. We always take into account the customer\u2019s individual preferences and the <strong>character of the shop<\/strong>. We endeavor to make the <strong>grocery customers<\/strong> feel comfortable and free to walk around the shop finding everything they need.&nbsp;<span data-ccp-props=\"{&quot;134233117&quot;:true,&quot;134233118&quot;:true,&quot;134233279&quot;:true,&quot;201341983&quot;:0,&quot;335551550&quot;:6,&quot;335551620&quot;:6,&quot;335559739&quot;:200,&quot;335559740&quot;:360}\">&nbsp;<\/span><\/p>\n<p>&nbsp;<\/p>\n<p><\/p>","protected":false},"excerpt":{"rendered":"<p>Z najwi\u0119ksz\u0105 staranno\u015bci\u0105 i precyzj\u0105 stworzymy optymalny projekt wyposa\u017cenia sklep\u00f3w spo\u017cywczych. Nasze d\u0142ugoletnie do\u015bwiadczenie pozwoli\u0142o nam pozna\u0107 specyfik\u0119 uk\u0142adu mebli nawet w niewielkich pomieszczeniach. Efektownie zagospodarujemy ka\u017cdy k\u0105t prowadz\u0105c do najkorzystniejszego wykorzystania przestrzeni. W naszej ofercie mamy tak\u017ce u\u017cywane meble sklepowe co pozwala obni\u017cenie koszt\u00f3w ca\u0142ej inwestycji. Kompleksowo\u015b\u0107 naszych us\u0142ug pozwala nam zaproponowa\u0107 klientom kompletne [&hellip;]<\/p>\n","protected":false},"author":1,"featured_media":0,"parent":0,"menu_order":0,"comment_status":"closed","ping_status":"closed","template":"","meta":{"ngg_post_thumbnail":0},"aioseo_notices":[],"_links":{"self":[{"href":"https:\/\/projekty-sklepow.pl\/en\/wp-json\/wp\/v2\/pages\/112"}],"collection":[{"href":"https:\/\/projekty-sklepow.pl\/en\/wp-json\/wp\/v2\/pages"}],"about":[{"href":"https:\/\/projekty-sklepow.pl\/en\/wp-json\/wp\/v2\/types\/page"}],"author":[{"embeddable":true,"href":"https:\/\/projekty-sklepow.pl\/en\/wp-json\/wp\/v2\/users\/1"}],"replies":[{"embeddable":true,"href":"https:\/\/projekty-sklepow.pl\/en\/wp-json\/wp\/v2\/comments?post=112"}],"version-history":[{"count":20,"href":"https:\/\/projekty-sklepow.pl\/en\/wp-json\/wp\/v2\/pages\/112\/revisions"}],"predecessor-version":[{"id":2235,"href":"https:\/\/projekty-sklepow.pl\/en\/wp-json\/wp\/v2\/pages\/112\/revisions\/2235"}],"wp:attachment":[{"href":"https:\/\/projekty-sklepow.pl\/en\/wp-json\/wp\/v2\/media?parent=112"}],"curies":[{"name":"wp","href":"https:\/\/api.w.org\/{rel}","templated":true}]}}