{"id":978,"date":"2016-10-24T11:27:17","date_gmt":"2016-10-24T09:27:17","guid":{"rendered":"http:\/\/projekty-sklepow.pl\/?page_id=978"},"modified":"2018-06-15T13:08:18","modified_gmt":"2018-06-15T11:08:18","slug":"jak-zwiekszyc-sprzedaz-w-sklepie","status":"publish","type":"page","link":"https:\/\/projekty-sklepow.pl\/en\/jak-zwiekszyc-sprzedaz-w-sklepie\/","title":{"rendered":"How to increase sales in the shop?"},"content":{"rendered":"<p><\/p>\n<h4><\/h4>\n<h3>How to increase sales in the shop?<\/h3>\n<p>Merchandising as a novelty form of assortment display and its direct effect on sales<\/p>\n<p><strong>You can affect 2\/3 of customer\u2019s purchases<\/strong> by using merchandising principles and sales techniques (assortment spacing, entry zone, cold and hot zones in the shop, rule of the right hand, atmosphere of the shop, lighting).<\/p>\n<h3>Golden rules:<\/h3>\n<ul>\n<li>Level of the eyes<\/li>\n<li>Level of the hand<\/li>\n<li>Basic level<\/li>\n<\/ul>\n<p>Cutting-edge forms of sales and affecting customer\u2019s unplanned and impulse purchases translate into increased shopping basket, which directly translates into the owner\u2019s revenues. Below we present the scope of our offer that will increase the sales in your shop.<\/p>\n<h4>Range of activities, cooperation with customer:<\/h4>\n<ul>\n<li>Visit at the customer\u2019s shop (interview with customer, assortment analysis in respect of shelf capacity and new products including customer\u2019s preferences, surroundings, strong and weak points of the competition).<\/li>\n<li>Assortment inventory: analysis of current selection and fitting it to new project.<\/li>\n<li>Preparation, layout sketch (arrangement of assortment after product groups, arrangement of categories in the shop) including possibilities of new project display to achieve optimum sales effect, suggested changes\/modifications following the latest merchandising standards: entry zone, rule of the right hand, hot and cold zones in the shop, shaping of the sales space by appropriate identification and definition of product groups, complementarity and neighbouring location of product groups.<\/li>\n<li>Layout-based proposal for shelf set-up with general spacing of categories.<\/li>\n<\/ul>\n<p><strong>\u00a0Participation of specialist in shop stocking as coordinator of team of those on the shop floor:<\/strong><\/p>\n<ul>\n<li>staff training in general principles of merchandising and product display,<\/li>\n<li>preparation of support materials,<\/li>\n<li>spacing of particular categories on the shelf.<\/li>\n<\/ul>\n<p>&nbsp;<\/p>\n<p>\n\t\t<style type=\"text\/css\">\n\t\t\t#gallery-4 {\n\t\t\t\tmargin: auto;\n\t\t\t}\n\t\t\t#gallery-4 .gallery-item {\n\t\t\t\tfloat: left;\n\t\t\t\tmargin-top: 10px;\n\t\t\t\ttext-align: center;\n\t\t\t\twidth: 33%;\n\t\t\t}\n\t\t\t#gallery-4 img {\n\t\t\t\tborder: 2px solid #cfcfcf;\n\t\t\t}\n\t\t\t#gallery-4 .gallery-caption {\n\t\t\t\tmargin-left: 0;\n\t\t\t}\n\t\t\t\/* see gallery_shortcode() in wp-includes\/media.php *\/\n\t\t<\/style>\n\t\t<div id='gallery-4' class='gallery galleryid-978 gallery-columns-3 gallery-size-thumbnail'><dl class='gallery-item'>\n\t\t\t<dt class='gallery-icon landscape'>\n\t\t\t\t<a title=\"\" href='https:\/\/projekty-sklepow.pl\/wp-content\/uploads\/2016\/06\/IMG_0372.jpg'><img width=\"300\" height=\"300\" src=\"https:\/\/projekty-sklepow.pl\/wp-content\/uploads\/2016\/06\/IMG_0372-300x300.jpg\" class=\"attachment-thumbnail size-thumbnail\" alt=\"jak zwi\u0119kszy\u0107 sprzeda\u017c w sklepie\" decoding=\"async\" loading=\"lazy\" \/><\/a>\n\t\t\t<\/dt><\/dl><dl class='gallery-item'>\n\t\t\t<dt class='gallery-icon landscape'>\n\t\t\t\t<a title=\"\" href='https:\/\/projekty-sklepow.pl\/wp-content\/uploads\/2016\/06\/20160520_190127.jpg'><img width=\"300\" height=\"300\" src=\"https:\/\/projekty-sklepow.pl\/wp-content\/uploads\/2016\/06\/20160520_190127-300x300.jpg\" class=\"attachment-thumbnail size-thumbnail\" alt=\"jak zwi\u0119kszy\u0107 sprzeda\u017c w sklepie\" decoding=\"async\" loading=\"lazy\" \/><\/a>\n\t\t\t<\/dt><\/dl><dl class='gallery-item'>\n\t\t\t<dt class='gallery-icon landscape'>\n\t\t\t\t<a title=\"\" href='https:\/\/projekty-sklepow.pl\/wp-content\/uploads\/2016\/06\/DSC_1389.jpg'><img width=\"300\" height=\"300\" src=\"https:\/\/projekty-sklepow.pl\/wp-content\/uploads\/2016\/06\/DSC_1389-300x300.jpg\" class=\"attachment-thumbnail size-thumbnail\" alt=\"jak zwi\u0119kszy\u0107 sprzeda\u017c w sklepie\" decoding=\"async\" loading=\"lazy\" \/><\/a>\n\t\t\t<\/dt><\/dl><br style=\"clear: both\" \/>\n\t\t<\/div>\n<\/p>","protected":false},"excerpt":{"rendered":"<p>How to increase sales in the shop? Merchandising as a novelty form of assortment display and its direct effect on sales You can affect 2\/3 of customer\u2019s purchases by using merchandising principles and sales techniques (assortment spacing, entry zone, cold and hot zones in the shop, rule of the right hand, atmosphere of the shop, [&hellip;]<\/p>\n","protected":false},"author":1,"featured_media":0,"parent":0,"menu_order":0,"comment_status":"closed","ping_status":"closed","template":"","meta":{"ngg_post_thumbnail":0},"aioseo_notices":[],"_links":{"self":[{"href":"https:\/\/projekty-sklepow.pl\/en\/wp-json\/wp\/v2\/pages\/978"}],"collection":[{"href":"https:\/\/projekty-sklepow.pl\/en\/wp-json\/wp\/v2\/pages"}],"about":[{"href":"https:\/\/projekty-sklepow.pl\/en\/wp-json\/wp\/v2\/types\/page"}],"author":[{"embeddable":true,"href":"https:\/\/projekty-sklepow.pl\/en\/wp-json\/wp\/v2\/users\/1"}],"replies":[{"embeddable":true,"href":"https:\/\/projekty-sklepow.pl\/en\/wp-json\/wp\/v2\/comments?post=978"}],"version-history":[{"count":48,"href":"https:\/\/projekty-sklepow.pl\/en\/wp-json\/wp\/v2\/pages\/978\/revisions"}],"predecessor-version":[{"id":1341,"href":"https:\/\/projekty-sklepow.pl\/en\/wp-json\/wp\/v2\/pages\/978\/revisions\/1341"}],"wp:attachment":[{"href":"https:\/\/projekty-sklepow.pl\/en\/wp-json\/wp\/v2\/media?parent=978"}],"curies":[{"name":"wp","href":"https:\/\/api.w.org\/{rel}","templated":true}]}}